{"id":511,"date":"2023-06-29T15:14:50","date_gmt":"2023-06-29T15:14:50","guid":{"rendered":"https:\/\/www.lpw-design.com\/?page_id=511"},"modified":"2024-05-28T13:37:21","modified_gmt":"2024-05-28T13:37:21","slug":"contact","status":"publish","type":"page","link":"https:\/\/www.lpw-design.com\/en\/contact\/","title":{"rendered":"Contact"},"content":{"rendered":"<p>[et_pb_section fb_built= \u00bb1\u2033 admin_label= \u00bbFooter \u00bb _builder_version= \u00bb4.21.2\u2033 _module_preset= \u00bbdefault \u00bb background_color= \u00bb#BBD4B7\u2033 saved_tabs= \u00bball \u00bb collapsed= \u00bbon \u00bb global_colors_info= \u00bb{} \u00bb][et_pb_row _builder_version= \u00bb4.25.0\u2033 _module_preset= \u00bbdefault \u00bb width= \u00bb85% \u00bb global_colors_info= \u00bb{} \u00bb][et_pb_column type= \u00bb4_4\u2033 _builder_version= \u00bb4.20.0\u2033 _module_preset= \u00bbdefault \u00bb global_colors_info= \u00bb{} \u00bb][et_pb_text _builder_version= \u00bb4.25.0\u2033 _module_preset= \u00bbc0a27f5b-5b2e-4fb0-8099-5b96ab6a463d \u00bb header_font= \u00bbEnlarge Heavy|||on||||| \u00bb header_text_align= \u00bbleft \u00bb header_text_color= \u00bb#000000\u2033 header_font_size= \u00bb90px \u00bb header_line_height= \u00bb0.8em \u00bb header_2_font= \u00bbEnlarge Heavy|||on||||| \u00bb header_2_text_color= \u00bb#FFFFFF \u00bb text_orientation= \u00bbcenter \u00bb hover_enabled= \u00bb0\u2033 text_font_size_tablet= \u00bb \u00bb text_font_size_phone= \u00bb20px \u00bb text_font_size_last_edited= \u00bbon|phone \u00bb header_font_size_tablet= \u00bb70px \u00bb header_font_size_phone= \u00bb38px \u00bb header_font_size_ last_edited= \u00bbon|tablet \u00bb header_2_font_size_phone = \u00bb35px \u00bb global_colors_info = \u00bb{} \u00bb sticky_enabled = \u00bb0\u2033]<\/p>\n<h1>Let&#039;s make something amazing together<\/h1>\n<p>[\/et_pb_text][\/et_pb_column][\/et_pb_row][\/et_pb_section][et_pb_section fb_built= \u00bb1\u2033 _builder_version= \u00bb4.21.0\u2033 _module_preset= \u00bbdefault \u00bb custom_padding= \u00bb0px||||| \u00bb global_colors_info= \u00bb{} \u00bb][et_pb_row custom_padding_last_edited= \u00bbon|phone \u00bb _builder_version= \u00bb4.21.0\u2033 _module_preset= \u00bbdefault \u00bb width= \u00bb100% \u00bb width_tablet= \u00bb100% \u00bb width_phone= \u00bb100% \u00bb width_last_edited= \u00bbon|phone \u00bb max_width= \u00bb1612px \u00bb max_width_tablet= \u00bb1612px \u00bb max_width_phone= \u00bb1612px \u00bb max_width_last_edited= \u00bbon|desktop \u00bb custom_margin= \u00bb||||false|false \u00bb custom_margin_tablet= \u00bb||||false|false \u00bb custom_margin_phone= \u00bb|| ||false|false \u00bb custom_margin_last_edited= \u00bbon|phone \u00bb custom_padding_tablet= \u00bb \u00bb custom_padding_phone= \u00bb|||0px|false|false \u00bb global_colors_info= \u00bb{} \u00bb][et_pb_column type= \u00bb4_4\u2033 _builder_version= \u00bb4.21.0\u2033 _module_preset= \u00bbdefault \u00bb global_colors_info= \u00bb{} \u00bb][et_pb_text _builder_version= \u00bb4.21.0\u2033 _module_preset= \u00bb7bef49de-b957-4d52-aed6-efe1965c488e \u00bb text_text_color= \u00bb#BBD4B7\u2033 text_font_size= \u00bb21px \u00bb global_color s_info= \u00bb{} \u00bb ]<\/p>\n<p style=\"text-align: center;\">You have a project ? A question ?<\/p>\n<p style=\"text-align: center;\">Let&#039;s discuss it!<\/p>\n<p>[\/et_pb_text][dsm_contact_form_7 cf7_library=\u00a0\u00bb510&Prime; show_validation=\u00a0\u00bbon\u00a0\u00bb button_alignment=\u00a0\u00bbleft\u00a0\u00bb input_background_color=\u00a0\u00bb#FFFFFF\u00a0\u00bb error_msg_background_color=\u00a0\u00bb#FFFFFF\u00a0\u00bb validation_success_background_color=\u00a0\u00bb#FFFFFF\u00a0\u00bb _builder_version=\u00a0\u00bb4.25.0&Prime; _module_preset=\u00a0\u00bbdefault\u00a0\u00bb labels_text_align=\u00a0\u00bbleft\u00a0\u00bb labels_text_color=\u00a0\u00bb#BBD4B7&Prime; input_textarea_select_text_align=\u00a0\u00bbleft\u00a0\u00bb input_textarea_select_text_color=\u00a0\u00bb#424242&Prime; placeholder_text_color=\u00a0\u00bb#BBD4B7&Prime; radio_checkbox_text_color=\u00a0\u00bb#FFFFFF\u00a0\u00bb error_msg_text_color=\u00a0\u00bb#E39279&Prime; error_validation_text_color=\u00a0\u00bb#E39279&Prime; success_validation_text_color=\u00a0\u00bb#BBD4B7&Prime; background_color=\u00a0\u00bb#FFFFFF\u00a0\u00bb custom_button_one=\u00a0\u00bbon\u00a0\u00bb button_one_text_color=\u00a0\u00bb#FFFFFF\u00a0\u00bb button_one_border_radius=\u00a0\u00bb30px\u00a0\u00bb button_one_font=\u00a0\u00bbRaleway||||||||\u00a0\u00bb width=\u00a0\u00bb79%\u00a0\u00bb width_tablet=\u00a0\u00bb79%\u00a0\u00bb width_phone=\u00a0\u00bb90%\u00a0\u00bb width_last_edited=\u00a0\u00bbon|phone\u00a0\u00bb max_width=\u00a0\u00bb54%\u00a0\u00bb max_width_tablet=\u00a0\u00bb54%\u00a0\u00bb max_width_phone=\u00a0\u00bb90%\u00a0\u00bb max_width_last_edited=\u00a0\u00bbon|phone\u00a0\u00bb module_alignment=\u00a0\u00bbcenter\u00a0\u00bb custom_margin=\u00a0\u00bb||||false|false\u00a0\u00bb custom_margin_tablet=\u00a0\u00bb||||false|false\u00a0\u00bb custom_margin_phone=\u00a0\u00bb|0px||0px|false|false\u00a0\u00bb custom_margin_last_edited=\u00a0\u00bbon|phone\u00a0\u00bb custom_padding=\u00a0\u00bb|0px||0px|false|false\u00a0\u00bb border_radii_image=\u00a0\u00bbon|20px|20px|20px|20px\u00a0\u00bb border_width_all_image=\u00a0\u00bb2px\u00a0\u00bb border_color_all_image=\u00a0\u00bbRGBA(255,255,255,0)\u00a0\u00bb border_style_bottom_image=\u00a0\u00bboutset\u00a0\u00bb border_color_all_error_msg=\u00a0\u00bb#E39279&Prime; border_width_all_error_validation=\u00a0\u00bb1px\u00a0\u00bb border_color_all_error_validation=\u00a0\u00bb#E39279&Prime; box_shadow_style_input_field=\u00a0\u00bbpreset3&Prime; global_colors_info=\u00a0\u00bb{}\u00a0\u00bb][\/dsm_contact_form_7][\/et_pb_column][\/et_pb_row][et_pb_row _builder_version=\u00a0\u00bb4.25.0&Prime; _module_preset=\u00a0\u00bbdefault\u00a0\u00bb global_colors_info=\u00a0\u00bb{}\u00a0\u00bb][et_pb_column type=\u00a0\u00bb4_4&Prime; _builder_version=\u00a0\u00bb4.25.0&Prime; _module_preset=\u00a0\u00bbdefault\u00a0\u00bb global_colors_info=\u00a0\u00bb{}\u00a0\u00bb][ba_icon_box icon=\u00a0\u00bb&#x44;||divi||400&Prime; title=\u00a0\u00bbRetour \u00e0 la page principale\u00a0\u00bb icon_color=\u00a0\u00bb#BBD4B7&Prime; icon_width=\u00a0\u00bb60px\u00a0\u00bb icon_height=\u00a0\u00bb60px\u00a0\u00bb icon_spacing=\u00a0\u00bb15px\u00a0\u00bb _builder_version=\u00a0\u00bb4.25.0&Prime; _module_preset=\u00a0\u00bbdefault\u00a0\u00bb title_level=\u00a0\u00bbh2&Prime; title_font=\u00a0\u00bbAgrandir Heavy|||on|||||\u00a0\u00bb title_font_size=\u00a0\u00bb1.5rem\u00a0\u00bb title_line_height=\u00a0\u00bb1.2em\u00a0\u00bb description_font_size=\u00a0\u00bb1rem\u00a0\u00bb description_line_height=\u00a0\u00bb1.4em\u00a0\u00bb link_option_url=\u00a0\u00bb\/\u00a0\u00bb hover_enabled=\u00a0\u00bb0&Prime; border_radii_box=\u00a0\u00bbon||||\u00a0\u00bb global_colors_info=\u00a0\u00bb{}\u00a0\u00bb sticky_enabled=\u00a0\u00bb0&Prime;][\/ba_icon_box][\/et_pb_column][\/et_pb_row][\/et_pb_section][et_pb_section fb_built=\u00a0\u00bb1&Prime; _builder_version=\u00a0\u00bb4.25.0&Prime; _module_preset=\u00a0\u00bbdefault\u00a0\u00bb background_color=\u00a0\u00bb#000000&Prime; border_radii=\u00a0\u00bboff|20px|20px||\u00a0\u00bb locked=\u00a0\u00bboff\u00a0\u00bb global_colors_info=\u00a0\u00bb{}\u00a0\u00bb][et_pb_row column_structure=\u00a0\u00bb1_4,1_4,1_4,1_4&Prime; use_custom_gutter=\u00a0\u00bbon\u00a0\u00bb _builder_version=\u00a0\u00bb4.25.0&Prime; _module_preset=\u00a0\u00bbdefault\u00a0\u00bb width=\u00a0\u00bb90%\u00a0\u00bb max_width=\u00a0\u00bb90%\u00a0\u00bb global_colors_info=\u00a0\u00bb{}\u00a0\u00bb][et_pb_column type=\u00a0\u00bb1_4&Prime; _builder_version=\u00a0\u00bb4.25.0&Prime; _module_preset=\u00a0\u00bbdefault\u00a0\u00bb global_colors_info=\u00a0\u00bb{}\u00a0\u00bb][dsm_icon_list _builder_version=\u00a0\u00bb4.25.0&Prime; _module_preset=\u00a0\u00bbdefault\u00a0\u00bb global_colors_info=\u00a0\u00bb{}\u00a0\u00bb][dsm_icon_list_child text=\u00a0\u00bbcontact@lpw-design.com\u00a0\u00bb font_icon=\u00a0\u00bb&#xe076;||divi||400&Prime; icon_color=\u00a0\u00bb#BBD4B7&Prime; icon_background_color=\u00a0\u00bbRGBA(255,255,255,0)\u00a0\u00bb _builder_version=\u00a0\u00bb4.25.0&Prime; _module_preset=\u00a0\u00bbdefault\u00a0\u00bb text_text_color=\u00a0\u00bb#BBD4B7&Prime; global_colors_info=\u00a0\u00bb{}\u00a0\u00bb][\/dsm_icon_list_child][dsm_icon_list_child text=\u00a0\u00bbEcrivez-moi sur WhatsApp\u00a0\u00bb font_icon=\u00a0\u00bb&#xf232;||fa||400&Prime; icon_color=\u00a0\u00bb#BBD4B7&Prime; icon_background_color=\u00a0\u00bbRGBA(255,255,255,0)\u00a0\u00bb url=\u00a0\u00bbhttps:\/\/wa.me\/613423930&Prime; _builder_version=\u00a0\u00bb4.25.0&Prime; _module_preset=\u00a0\u00bbdefault\u00a0\u00bb text_text_color=\u00a0\u00bb#BBD4B7&Prime; global_colors_info=\u00a0\u00bb{}\u00a0\u00bb][\/dsm_icon_list_child][dsm_icon_list_child text=\u00a0\u00bbNice, France \u00a0\u00bb font_icon=\u00a0\u00bb&#xf3c5;||fa||900&Prime; icon_color=\u00a0\u00bb#BBD4B7&Prime; icon_background_color=\u00a0\u00bbRGBA(255,255,255,0)\u00a0\u00bb _builder_version=\u00a0\u00bb4.25.0&Prime; _module_preset=\u00a0\u00bbdefault\u00a0\u00bb text_text_color=\u00a0\u00bb#BBD4B7&Prime; global_colors_info=\u00a0\u00bb{}\u00a0\u00bb][\/dsm_icon_list_child][dsm_icon_list_child text=\u00a0\u00bbOpen to work globally\u00a0\u00bb font_icon=\u00a0\u00bb&#xf59f;||fa||900&Prime; icon_color=\u00a0\u00bb#BBD4B7&Prime; icon_background_color=\u00a0\u00bbRGBA(255,255,255,0)\u00a0\u00bb _builder_version=\u00a0\u00bb4.25.0&Prime; _module_preset=\u00a0\u00bbdefault\u00a0\u00bb text_text_color=\u00a0\u00bb#BBD4B7&Prime; global_colors_info=\u00a0\u00bb{}\u00a0\u00bb][\/dsm_icon_list_child][\/dsm_icon_list][\/et_pb_column][et_pb_column type=\u00a0\u00bb1_4&Prime; _builder_version=\u00a0\u00bb4.25.0&Prime; _module_preset=\u00a0\u00bbdefault\u00a0\u00bb global_colors_info=\u00a0\u00bb{}\u00a0\u00bb][\/et_pb_column][et_pb_column type=\u00a0\u00bb1_4&Prime; _builder_version=\u00a0\u00bb4.25.0&Prime; _module_preset=\u00a0\u00bbdefault\u00a0\u00bb global_colors_info=\u00a0\u00bb{}\u00a0\u00bb][\/et_pb_column][et_pb_column type=\u00a0\u00bb1_4&Prime; _builder_version=\u00a0\u00bb4.25.0&Prime; _module_preset=\u00a0\u00bbdefault\u00a0\u00bb global_colors_info=\u00a0\u00bb{}\u00a0\u00bb][et_pb_image src=\u00a0\u00bbhttps:\/\/www.lpw-design.com\/wp-content\/uploads\/2024\/04\/lpw-logo-vert.avif\u00a0\u00bb alt=\u00a0\u00bbLogo de LPW design freelance en cr\u00e9ation de site internet\u00a0\u00bb title_text=\u00a0\u00bblpw logo vert\u00a0\u00bb url=\u00a0\u00bb\/\u00a0\u00bb _builder_version=\u00a0\u00bb4.25.0&Prime; _module_preset=\u00a0\u00bbdefault\u00a0\u00bb max_width=\u00a0\u00bb30%\u00a0\u00bb max_width_phone=\u00a0\u00bb30%\u00a0\u00bb max_width_last_edited=\u00a0\u00bboff|desktop\u00a0\u00bb global_colors_info=\u00a0\u00bb{}\u00a0\u00bb][\/et_pb_image][\/et_pb_column][\/et_pb_row][et_pb_row _builder_version=\u00a0\u00bb4.25.0&Prime; _module_preset=\u00a0\u00bbdefault\u00a0\u00bb global_colors_info=\u00a0\u00bb{}\u00a0\u00bb][et_pb_column type=\u00a0\u00bb4_4&Prime; _builder_version=\u00a0\u00bb4.25.0&Prime; _module_preset=\u00a0\u00bbdefault\u00a0\u00bb global_colors_info=\u00a0\u00bb{}\u00a0\u00bb][et_pb_social_media_follow _builder_version=\u00a0\u00bb4.25.0&Prime; _module_preset=\u00a0\u00bbdefault\u00a0\u00bb text_orientation=\u00a0\u00bbcenter\u00a0\u00bb text_orientation_tablet=\u00a0\u00bbcenter\u00a0\u00bb text_orientation_phone=\u00a0\u00bbcenter\u00a0\u00bb text_orientation_last_edited=\u00a0\u00bbon|desktop\u00a0\u00bb global_colors_info=\u00a0\u00bb{}\u00a0\u00bb][et_pb_social_media_follow_network social_network=\u00a0\u00bbbehance\u00a0\u00bb url=\u00a0\u00bbhttps:\/\/www.behance.net\/lisaparent2&Prime; _builder_version=\u00a0\u00bb4.25.0&Prime; _module_preset=\u00a0\u00bbdefault\u00a0\u00bb background_color=\u00a0\u00bb#0057ff\u00a0\u00bb global_colors_info=\u00a0\u00bb{}\u00a0\u00bb follow_button=\u00a0\u00bboff\u00a0\u00bb url_new_window=\u00a0\u00bbon\u00a0\u00bb]behance[\/et_pb_social_media_follow_network][et_pb_social_media_follow_network social_network=\u00a0\u00bblinkedin\u00a0\u00bb url=\u00a0\u00bbhttps:\/\/www.linkedin.com\/in\/lisa-parent06\/\u00a0\u00bb _builder_version=\u00a0\u00bb4.25.0&Prime; _module_preset=\u00a0\u00bbdefault\u00a0\u00bb background_color=\u00a0\u00bb#007bb6&Prime; global_colors_info=\u00a0\u00bb{}\u00a0\u00bb follow_button=\u00a0\u00bboff\u00a0\u00bb url_new_window=\u00a0\u00bbon\u00a0\u00bb]linkedin[\/et_pb_social_media_follow_network][\/et_pb_social_media_follow][et_pb_text _builder_version=\u00a0\u00bb4.25.0&Prime; _module_preset=\u00a0\u00bbdefault\u00a0\u00bb text_text_color=\u00a0\u00bb#BBD4B7&Prime; text_orientation=\u00a0\u00bbcenter\u00a0\u00bb global_colors_info=\u00a0\u00bb{}\u00a0\u00bb]<\/p>\n<p><span>Copyright \u00a9 2024 LPW DESIGN<\/span><\/p>\n<p>[\/et_pb_text][et_pb_text _builder_version= \u00bb4.25.0\u2033 _module_preset= \u00bbdefault \u00bb text_text_color= \u00bb#BBD4B7\u2033 text_orientation= \u00bbcenter \u00bb locked= \u00bboff \u00bb global_colors_info= \u00bb{} \u00bb]<\/p>\n<p><span style=\"color: #ccffcc;\"><a href=\"\/en\/politique-de-confidentialite\/\" style=\"color: #ccffcc;\">Privacy Policy<\/a> &#8211; <a href=\"\/en\/mentions-legales\/\" style=\"color: #ccffcc;\">Legal Notice<\/a><\/span><\/p>\n<p>[\/et_pb_text][\/et_pb_column][\/et_pb_row][\/et_pb_section]<\/p>","protected":false},"excerpt":{"rendered":"<p>Let&#039;s make something amazing togetherDo you have a project? A question ? Let&#039;s discuss it!<div class=\"et_pb_with_border et_pb_module dsm_contact_form_7 dsm_contact_form_7_0\">\n\t\t\t\t\n\t\t\t\t\n\t\t\t\t\n\t\t\t\t\n\t\t\t\t\n\t\t\t\t\n\t\t\t\t<div class=\"et_pb_module_inner\">\n\t\t\t\t\t<div class=\"\">\n\t\t\t\t\n<div class=\"wpcf7 no-js\" id=\"wpcf7-f510-o1\" lang=\"fr-FR\" dir=\"ltr\" data-wpcf7-id=\"510\">\n<div class=\"screen-reader-response\"><p role=\"status\" aria-live=\"polite\" aria-atomic=\"true\"><\/p> <ul><\/ul><\/div>\n<form action=\"\/en\/wp-json\/wp\/v2\/pages\/511#wpcf7-f510-o1\" method=\"post\" class=\"wpcf7-form init\" aria-label=\"Contact form\" novalidate=\"novalidate\" data-status=\"init\" data-trp-original-action=\"\/en\/wp-json\/wp\/v2\/pages\/511#wpcf7-f510-o1\">\n<fieldset class=\"hidden-fields-container\"><input type=\"hidden\" name=\"_wpcf7\" value=\"510\" \/><input type=\"hidden\" name=\"_wpcf7_version\" value=\"6.1.5\" \/><input type=\"hidden\" name=\"_wpcf7_locale\" value=\"fr_FR\" \/><input type=\"hidden\" name=\"_wpcf7_unit_tag\" value=\"wpcf7-f510-o1\" \/><input type=\"hidden\" name=\"_wpcf7_container_post\" value=\"0\" \/><input type=\"hidden\" name=\"_wpcf7_posted_data_hash\" value=\"\" \/>\n<\/fieldset>\n<p><label> Name<br \/>\n<span class=\"wpcf7-form-control-wrap\" data-name=\"your-name\"><input size=\"40\" maxlength=\"400\" class=\"wpcf7-form-control wpcf7-text wpcf7-validates-as-required\" autocomplete=\"name\" aria-required=\"true\" aria-invalid=\"false\" value=\"\" type=\"text\" name=\"your-name\" \/><\/span> <\/label>\n<\/p>\n<p><label> E-mail<br \/>\n<span class=\"wpcf7-form-control-wrap\" data-name=\"your-email\"><input size=\"40\" maxlength=\"400\" class=\"wpcf7-form-control wpcf7-email wpcf7-validates-as-required wpcf7-text wpcf7-validates-as-email\" autocomplete=\"email\" aria-required=\"true\" aria-invalid=\"false\" value=\"\" type=\"email\" name=\"your-email\" \/><\/span> <\/label>\n<\/p>\n<p><label> Object*<br \/>\n<span class=\"wpcf7-form-control-wrap\" data-name=\"your-subject\"><input size=\"40\" maxlength=\"400\" class=\"wpcf7-form-control wpcf7-text wpcf7-validates-as-required\" aria-required=\"true\" aria-invalid=\"false\" value=\"\" type=\"text\" name=\"your-subject\" \/><\/span> <\/label>\n<\/p>\n<p><label> Message<br \/>\n<span class=\"wpcf7-form-control-wrap\" data-name=\"your-message\"><textarea cols=\"40\" rows=\"10\" maxlength=\"2000\" class=\"wpcf7-form-control wpcf7-textarea wpcf7-validates-as-required\" aria-required=\"true\" aria-invalid=\"false\" name=\"your-message\"><\/textarea><\/span> <\/label>\n<\/p>\n<p><button class=\"wpcf7-form-control wpcf7-submit has-spinner et_pb_button et_pb_bg_layout_light\" type=\"submit\" value=\"Envoyer\">Send<\/button>\n<\/p><div class=\"wpcf7-response-output\" aria-hidden=\"true\"><\/div>\n<input type=\"hidden\" name=\"trp-form-language\" value=\"en\"\/><\/form>\n<\/div>\n\n\t\t\t<\/div>\n\t\t\t\t<\/div>\n\t\t\t<\/div><div class=\"et_pb_module ba_icon_box ba_icon_box_0 et_clickable\">\n\t\t\t\t\n\t\t\t\t\n\t\t\t\t\n\t\t\t\t\n\t\t\t\t\n\t\t\t\t\n\t\t\t\t<div class=\"et_pb_module_inner\">\n\t\t\t\t\t<div class=\"dtq-module dtq-module-parent dtq-iconbox\">\n                 \n                <div class=\"dtq-iconbox-inner dtq-bg-support\">\n                     <div class=\"dtq-iconbox__icon-wrap\">\n                    <div class=\"dtq-iconbox__icon\">\n                        <i class=\"dtq-icon dtq-et-icon\">D<\/i>\n                    <\/div>\n                <\/div> <h2 class=\"dtq-iconbox__title\">Back to main page<\/h2> \n                <\/div>\n            <\/div>\n\t\t\t\t<\/div>\n\t\t\t<\/div><div class=\"et_pb_module dsm_icon_list dsm_icon_list_0\">\n\t\t\t\t\n\t\t\t\t\n\t\t\t\t\n\t\t\t\t\n\t\t\t\t\n\t\t\t\t\n\t\t\t\t<div class=\"et_pb_module_inner\">\n\t\t\t\t\t<ul class=\"dsm_icon_list_items dsm_icon_list_ltr_direction dsm_icon_list_layout_vertical\"><li class=\"dsm_icon_list_child dsm_icon_list_child_0\">\n\t\t\t\t\n\t\t\t\t\n\t\t\t\t\n\t\t\t\t\n\t\t\t\t<span class=\"dsm_icon_list_wrapper\"><span class=\"dsm_icon_list_icon\">\ue076<\/span><\/span><span class=\"dsm_icon_list_text\">contact@lpw-design.com<\/span>\n\t\t\t<\/li><li class=\"dsm_icon_list_child dsm_icon_list_child_1\">\n\t\t\t\t\n\t\t\t\t\n\t\t\t\t\n\t\t\t\t\n\t\t\t\t<a href=\"https:\/\/wa.me\/613423930\"><span class=\"dsm_icon_list_wrapper\"><span class=\"dsm_icon_list_icon\">\uf232<\/span><\/span><span class=\"dsm_icon_list_text\">Write to me on WhatsApp<\/span><\/a>\n\t\t\t<\/li><li class=\"dsm_icon_list_child dsm_icon_list_child_2\">\n\t\t\t\t\n\t\t\t\t\n\t\t\t\t\n\t\t\t\t\n\t\t\t\t<span class=\"dsm_icon_list_wrapper\"><span class=\"dsm_icon_list_icon\">\uf3c5<\/span><\/span><span class=\"dsm_icon_list_text\">Nice, France <\/span>\n\t\t\t<\/li><li class=\"dsm_icon_list_child dsm_icon_list_child_3\">\n\t\t\t\t\n\t\t\t\t\n\t\t\t\t\n\t\t\t\t\n\t\t\t\t<span class=\"dsm_icon_list_wrapper\"><span class=\"dsm_icon_list_icon\">\uf59f<\/span><\/span><span class=\"dsm_icon_list_text\">Open to work globally<\/span>\n\t\t\t<\/li><\/ul>\n\t\t\t\t<\/div>\n\t\t\t<\/div>Copyright \u00a9 2024 LPW DESIGNPrivacy policy \u2013 Legal notices<\/p>","protected":false},"author":1,"featured_media":0,"parent":0,"menu_order":0,"comment_status":"closed","ping_status":"closed","template":"page-template-blank.php","meta":{"_et_pb_use_builder":"on","_et_pb_old_content":"","_et_gb_content_width":"","footnotes":""},"class_list":["post-511","page","type-page","status-publish","hentry"],"yoast_head":"<!-- This site is optimized with the Yoast SEO plugin v27.5 - https:\/\/yoast.com\/product\/yoast-seo-wordpress\/ -->\n<title>Contact - LPW Design<\/title>\n<meta name=\"robots\" content=\"noindex, follow\" \/>\n<meta property=\"og:locale\" content=\"en_US\" \/>\n<meta property=\"og:type\" content=\"article\" \/>\n<meta property=\"og:title\" content=\"Contact - LPW Design\" \/>\n<meta property=\"og:description\" content=\"Let\u2019s make something amazing togetherVous avez un projet ? Une question ? Discutons-en !Copyright \u00a9 2024 LPW DESIGNPolitique de confidentialit\u00e9 - Mentions l\u00e9gales\" \/>\n<meta property=\"og:url\" content=\"https:\/\/www.lpw-design.com\/en\/contact\/\" \/>\n<meta property=\"og:site_name\" content=\"LPW Design\" \/>\n<meta property=\"article:modified_time\" content=\"2024-05-28T13:37:21+00:00\" \/>\n<meta property=\"og:image\" content=\"https:\/\/www.lpw-design.com\/wp-content\/uploads\/2023\/05\/cropped-2.png\" \/>\n\t<meta property=\"og:image:width\" content=\"512\" \/>\n\t<meta property=\"og:image:height\" content=\"512\" \/>\n\t<meta property=\"og:image:type\" content=\"image\/png\" \/>\n<meta name=\"twitter:card\" content=\"summary_large_image\" \/>\n<meta name=\"twitter:label1\" content=\"Est. reading time\" \/>\n\t<meta name=\"twitter:data1\" content=\"1 minute\" \/>\n<script type=\"application\/ld+json\" class=\"yoast-schema-graph\">{\"@context\":\"https:\\\/\\\/schema.org\",\"@graph\":[{\"@type\":\"WebPage\",\"@id\":\"https:\\\/\\\/www.lpw-design.com\\\/contact\\\/\",\"url\":\"https:\\\/\\\/www.lpw-design.com\\\/contact\\\/\",\"name\":\"Contact - LPW Design\",\"isPartOf\":{\"@id\":\"https:\\\/\\\/www.lpw-design.com\\\/#website\"},\"datePublished\":\"2023-06-29T15:14:50+00:00\",\"dateModified\":\"2024-05-28T13:37:21+00:00\",\"breadcrumb\":{\"@id\":\"https:\\\/\\\/www.lpw-design.com\\\/contact\\\/#breadcrumb\"},\"inLanguage\":\"en-US\",\"potentialAction\":[{\"@type\":\"ReadAction\",\"target\":[\"https:\\\/\\\/www.lpw-design.com\\\/contact\\\/\"]}]},{\"@type\":\"BreadcrumbList\",\"@id\":\"https:\\\/\\\/www.lpw-design.com\\\/contact\\\/#breadcrumb\",\"itemListElement\":[{\"@type\":\"ListItem\",\"position\":1,\"name\":\"Accueil\",\"item\":\"https:\\\/\\\/www.lpw-design.com\\\/\"},{\"@type\":\"ListItem\",\"position\":2,\"name\":\"Contact\"}]},{\"@type\":\"WebSite\",\"@id\":\"https:\\\/\\\/www.lpw-design.com\\\/#website\",\"url\":\"https:\\\/\\\/www.lpw-design.com\\\/\",\"name\":\"LPW Design\",\"description\":\"Cr\u00e9ation de ton site internet, \u00e0 ton image\",\"publisher\":{\"@id\":\"https:\\\/\\\/www.lpw-design.com\\\/#\\\/schema\\\/person\\\/8d73ead4e7c0ad2b00332a0ba57d775b\"},\"potentialAction\":[{\"@type\":\"SearchAction\",\"target\":{\"@type\":\"EntryPoint\",\"urlTemplate\":\"https:\\\/\\\/www.lpw-design.com\\\/?s={search_term_string}\"},\"query-input\":{\"@type\":\"PropertyValueSpecification\",\"valueRequired\":true,\"valueName\":\"search_term_string\"}}],\"inLanguage\":\"en-US\"},{\"@type\":[\"Person\",\"Organization\"],\"@id\":\"https:\\\/\\\/www.lpw-design.com\\\/#\\\/schema\\\/person\\\/8d73ead4e7c0ad2b00332a0ba57d775b\",\"name\":\"Lisa\",\"image\":{\"@type\":\"ImageObject\",\"inLanguage\":\"en-US\",\"@id\":\"https:\\\/\\\/www.lpw-design.com\\\/wp-content\\\/uploads\\\/2023\\\/05\\\/cropped-2.png\",\"url\":\"https:\\\/\\\/www.lpw-design.com\\\/wp-content\\\/uploads\\\/2023\\\/05\\\/cropped-2.png\",\"contentUrl\":\"https:\\\/\\\/www.lpw-design.com\\\/wp-content\\\/uploads\\\/2023\\\/05\\\/cropped-2.png\",\"width\":512,\"height\":512,\"caption\":\"Lisa\"},\"logo\":{\"@id\":\"https:\\\/\\\/www.lpw-design.com\\\/wp-content\\\/uploads\\\/2023\\\/05\\\/cropped-2.png\"},\"description\":\"Lisa Parent Cr\u00e9atrice de site web Vous accompagne dans votre r\u00e9f\u00e9rencement Google et dans la strat\u00e9gie digitale de votre entreprise\",\"sameAs\":[\"https:\\\/\\\/www.lpw-design.com\",\"https:\\\/\\\/www.linkedin.com\\\/in\\\/lisa-parent06\\\/\"]}]}<\/script>\n<!-- \/ Yoast SEO plugin. -->","yoast_head_json":{"title":"Contact - LPW Design","robots":{"index":"noindex","follow":"follow"},"og_locale":"en_US","og_type":"article","og_title":"Contact - LPW Design","og_description":"Let\u2019s make something amazing togetherVous avez un projet ? Une question ? Discutons-en !Copyright \u00a9 2024 LPW DESIGNPolitique de confidentialit\u00e9 - Mentions l\u00e9gales","og_url":"https:\/\/www.lpw-design.com\/en\/contact\/","og_site_name":"LPW Design","article_modified_time":"2024-05-28T13:37:21+00:00","og_image":[{"width":512,"height":512,"url":"https:\/\/www.lpw-design.com\/wp-content\/uploads\/2023\/05\/cropped-2.png","type":"image\/png"}],"twitter_card":"summary_large_image","twitter_misc":{"Est. reading time":"1 minute"},"schema":{"@context":"https:\/\/schema.org","@graph":[{"@type":"WebPage","@id":"https:\/\/www.lpw-design.com\/contact\/","url":"https:\/\/www.lpw-design.com\/contact\/","name":"Contact - LPW Design","isPartOf":{"@id":"https:\/\/www.lpw-design.com\/#website"},"datePublished":"2023-06-29T15:14:50+00:00","dateModified":"2024-05-28T13:37:21+00:00","breadcrumb":{"@id":"https:\/\/www.lpw-design.com\/contact\/#breadcrumb"},"inLanguage":"en-US","potentialAction":[{"@type":"ReadAction","target":["https:\/\/www.lpw-design.com\/contact\/"]}]},{"@type":"BreadcrumbList","@id":"https:\/\/www.lpw-design.com\/contact\/#breadcrumb","itemListElement":[{"@type":"ListItem","position":1,"name":"Accueil","item":"https:\/\/www.lpw-design.com\/"},{"@type":"ListItem","position":2,"name":"Contact"}]},{"@type":"WebSite","@id":"https:\/\/www.lpw-design.com\/#website","url":"https:\/\/www.lpw-design.com\/","name":"LPW Design","description":"Creation of your website, in your image","publisher":{"@id":"https:\/\/www.lpw-design.com\/#\/schema\/person\/8d73ead4e7c0ad2b00332a0ba57d775b"},"potentialAction":[{"@type":"SearchAction","target":{"@type":"EntryPoint","urlTemplate":"https:\/\/www.lpw-design.com\/?s={search_term_string}"},"query-input":{"@type":"PropertyValueSpecification","valueRequired":true,"valueName":"search_term_string"}}],"inLanguage":"en-US"},{"@type":["Person","Organization"],"@id":"https:\/\/www.lpw-design.com\/#\/schema\/person\/8d73ead4e7c0ad2b00332a0ba57d775b","name":"Lisa","image":{"@type":"ImageObject","inLanguage":"en-US","@id":"https:\/\/www.lpw-design.com\/wp-content\/uploads\/2023\/05\/cropped-2.png","url":"https:\/\/www.lpw-design.com\/wp-content\/uploads\/2023\/05\/cropped-2.png","contentUrl":"https:\/\/www.lpw-design.com\/wp-content\/uploads\/2023\/05\/cropped-2.png","width":512,"height":512,"caption":"Lisa"},"logo":{"@id":"https:\/\/www.lpw-design.com\/wp-content\/uploads\/2023\/05\/cropped-2.png"},"description":"Lisa Parent Cr\u00e9atrice de site web Vous accompagne dans votre r\u00e9f\u00e9rencement Google et dans la strat\u00e9gie digitale de votre entreprise","sameAs":["https:\/\/www.lpw-design.com","https:\/\/www.linkedin.com\/in\/lisa-parent06\/"]}]}},"_links":{"self":[{"href":"https:\/\/www.lpw-design.com\/en\/wp-json\/wp\/v2\/pages\/511","targetHints":{"allow":["GET"]}}],"collection":[{"href":"https:\/\/www.lpw-design.com\/en\/wp-json\/wp\/v2\/pages"}],"about":[{"href":"https:\/\/www.lpw-design.com\/en\/wp-json\/wp\/v2\/types\/page"}],"author":[{"embeddable":true,"href":"https:\/\/www.lpw-design.com\/en\/wp-json\/wp\/v2\/users\/1"}],"replies":[{"embeddable":true,"href":"https:\/\/www.lpw-design.com\/en\/wp-json\/wp\/v2\/comments?post=511"}],"version-history":[{"count":25,"href":"https:\/\/www.lpw-design.com\/en\/wp-json\/wp\/v2\/pages\/511\/revisions"}],"predecessor-version":[{"id":16049,"href":"https:\/\/www.lpw-design.com\/en\/wp-json\/wp\/v2\/pages\/511\/revisions\/16049"}],"wp:attachment":[{"href":"https:\/\/www.lpw-design.com\/en\/wp-json\/wp\/v2\/media?parent=511"}],"curies":[{"name":"wp","href":"https:\/\/api.w.org\/{rel}","templated":true}]}}