{"id":468,"date":"2023-06-28T15:42:14","date_gmt":"2023-06-28T15:42:14","guid":{"rendered":"https:\/\/www.lpw-design.com\/?page_id=468"},"modified":"2025-01-14T15:23:24","modified_gmt":"2025-01-14T15:23:24","slug":"mentions-legales","status":"publish","type":"page","link":"https:\/\/www.lpw-design.com\/en\/mentions-legales\/","title":{"rendered":"Legal Notice"},"content":{"rendered":"<p>[et_pb_section fb_built= \u00bb1\u2033 _builder_version= \u00bb4.21.0\u2033 _module_preset= \u00bbdefault \u00bb global_colors_info= \u00bb{} \u00bb][et_pb_row _builder_version= \u00bb4.21.0\u2033 _module_preset= \u00bbdefault \u00bb global_colors_info= \u00bb{} \u00bb][et_pb_column type = \u00bb4_4\u2033 _builder_version= \u00bb4.21.0\u2033 _module_preset= \u00bbdefault \u00bb global_colors_info= \u00bb{} \u00bb][et_pb_text _builder_version= \u00bb4.21.0\u2033 _module_preset= \u00bbdc8c0adb-59c1-49b9-8d83-dd73495faeca \u00bb text_text_color= \u00bb1 TP5TBBD4B7\u2033 text_font_size= \u00bb35px \u00bb global_colors_info= \u00bb{} \u00bb]<\/p>\n<p style=\"text-align: left;\">Legal Notice<\/p>\n<p>[\/et_pb_text][et_pb_text _builder_version= \u00bb4.21.0\u2033 _module_preset= \u00bb6fcd7bde-cab6-4da6-b7c6-f8b56b800e80\u2033 text_text_color= \u00bb#424242\u2033 global_colors_info= \u00bb{} \u00bb]<\/p>\n<h2><\/h2>\n<h2><\/h2>\n<h2>Identify<\/h2>\n<p>Website name: Lpw-design<br \/>Website address: https:\/\/www.lpw-design.com<\/p>\n<p>Owner: Lisa Parent<br \/>Publication manager: Lisa Parent \u2013 contact@lpw-design.com<\/p>\n<p>Hosting: O2 Switch \u2013 <span>Chem. des Pardiaux, 63000 Clermont-Ferrand<\/span><\/p>\n<p>[\/et_pb_text][et_pb_text _builder_version=\u00a0\u00bb4.27.4&Prime; _module_preset=\u00a0\u00bbdefault\u00a0\u00bb text_orientation=\u00a0\u00bbcenter\u00a0\u00bb border_color_bottom=\u00a0\u00bb#BBD4B7&Prime; text_text_color__hover_enabled=\u00a0\u00bbon|hover\u00a0\u00bb hover_enabled=\u00a0\u00bb0&Prime; sticky_enabled=\u00a0\u00bb0&Prime; text_text_color__hover=\u00a0\u00bb#BBD4B7&Prime; link_option_url=\u00a0\u00bbhttps:\/\/www.lpw-design.com\/\u00a0\u00bb]<\/p>\n<p>Revenir \u00e0 l&rsquo;accueil<\/p>\n<p>[\/et_pb_text][\/et_pb_column][\/et_pb_row][\/et_pb_section][et_pb_section fb_built=\u00a0\u00bb1&Prime; _builder_version=\u00a0\u00bb4.25.0&Prime; _module_preset=\u00a0\u00bbdefault\u00a0\u00bb background_color=\u00a0\u00bb#000000&Prime; border_radii=\u00a0\u00bboff|20px|20px||\u00a0\u00bb global_colors_info=\u00a0\u00bb{}\u00a0\u00bb][et_pb_row column_structure=\u00a0\u00bb1_4,1_4,1_4,1_4&Prime; use_custom_gutter=\u00a0\u00bbon\u00a0\u00bb _builder_version=\u00a0\u00bb4.25.0&Prime; _module_preset=\u00a0\u00bbdefault\u00a0\u00bb width=\u00a0\u00bb90%\u00a0\u00bb max_width=\u00a0\u00bb90%\u00a0\u00bb global_colors_info=\u00a0\u00bb{}\u00a0\u00bb][et_pb_column type=\u00a0\u00bb1_4&Prime; _builder_version=\u00a0\u00bb4.25.0&Prime; _module_preset=\u00a0\u00bbdefault\u00a0\u00bb global_colors_info=\u00a0\u00bb{}\u00a0\u00bb][dsm_icon_list _builder_version=\u00a0\u00bb4.25.0&Prime; _module_preset=\u00a0\u00bbdefault\u00a0\u00bb global_colors_info=\u00a0\u00bb{}\u00a0\u00bb][dsm_icon_list_child text=\u00a0\u00bbcontact@lpw-design.com\u00a0\u00bb font_icon=\u00a0\u00bb&#xe076;||divi||400&Prime; icon_color=\u00a0\u00bb#BBD4B7&Prime; icon_background_color=\u00a0\u00bbRGBA(255,255,255,0)\u00a0\u00bb _builder_version=\u00a0\u00bb4.25.0&Prime; _module_preset=\u00a0\u00bbdefault\u00a0\u00bb text_text_color=\u00a0\u00bb#BBD4B7&Prime; global_colors_info=\u00a0\u00bb{}\u00a0\u00bb][\/dsm_icon_list_child][dsm_icon_list_child text=\u00a0\u00bbEcrivez-moi sur WhatsApp\u00a0\u00bb font_icon=\u00a0\u00bb&#xf232;||fa||400&Prime; icon_color=\u00a0\u00bb#BBD4B7&Prime; icon_background_color=\u00a0\u00bbRGBA(255,255,255,0)\u00a0\u00bb url=\u00a0\u00bbhttps:\/\/wa.me\/613423930&Prime; _builder_version=\u00a0\u00bb4.25.0&Prime; _module_preset=\u00a0\u00bbdefault\u00a0\u00bb text_text_color=\u00a0\u00bb#BBD4B7&Prime; global_colors_info=\u00a0\u00bb{}\u00a0\u00bb][\/dsm_icon_list_child][dsm_icon_list_child text=\u00a0\u00bbNice, France \u00a0\u00bb font_icon=\u00a0\u00bb&#xf3c5;||fa||900&Prime; icon_color=\u00a0\u00bb#BBD4B7&Prime; icon_background_color=\u00a0\u00bbRGBA(255,255,255,0)\u00a0\u00bb _builder_version=\u00a0\u00bb4.25.0&Prime; _module_preset=\u00a0\u00bbdefault\u00a0\u00bb text_text_color=\u00a0\u00bb#BBD4B7&Prime; global_colors_info=\u00a0\u00bb{}\u00a0\u00bb][\/dsm_icon_list_child][dsm_icon_list_child text=\u00a0\u00bbOpen to work globally\u00a0\u00bb font_icon=\u00a0\u00bb&#xf59f;||fa||900&Prime; icon_color=\u00a0\u00bb#BBD4B7&Prime; icon_background_color=\u00a0\u00bbRGBA(255,255,255,0)\u00a0\u00bb _builder_version=\u00a0\u00bb4.25.0&Prime; _module_preset=\u00a0\u00bbdefault\u00a0\u00bb text_text_color=\u00a0\u00bb#BBD4B7&Prime; global_colors_info=\u00a0\u00bb{}\u00a0\u00bb][\/dsm_icon_list_child][\/dsm_icon_list][\/et_pb_column][et_pb_column type=\u00a0\u00bb1_4&Prime; _builder_version=\u00a0\u00bb4.25.0&Prime; _module_preset=\u00a0\u00bbdefault\u00a0\u00bb global_colors_info=\u00a0\u00bb{}\u00a0\u00bb][\/et_pb_column][et_pb_column type=\u00a0\u00bb1_4&Prime; _builder_version=\u00a0\u00bb4.25.0&Prime; _module_preset=\u00a0\u00bbdefault\u00a0\u00bb global_colors_info=\u00a0\u00bb{}\u00a0\u00bb][\/et_pb_column][et_pb_column type=\u00a0\u00bb1_4&Prime; _builder_version=\u00a0\u00bb4.25.0&Prime; _module_preset=\u00a0\u00bbdefault\u00a0\u00bb global_colors_info=\u00a0\u00bb{}\u00a0\u00bb][et_pb_image src=\u00a0\u00bbhttps:\/\/www.lpw-design.com\/wp-content\/uploads\/2024\/04\/lpw-logo-vert.avif\u00a0\u00bb alt=\u00a0\u00bbLogo de LPW design freelance en cr\u00e9ation de site internet\u00a0\u00bb title_text=\u00a0\u00bblpw logo vert\u00a0\u00bb url=\u00a0\u00bb\/\u00a0\u00bb _builder_version=\u00a0\u00bb4.25.0&Prime; _module_preset=\u00a0\u00bbdefault\u00a0\u00bb max_width=\u00a0\u00bb30%\u00a0\u00bb max_width_phone=\u00a0\u00bb30%\u00a0\u00bb max_width_last_edited=\u00a0\u00bboff|desktop\u00a0\u00bb global_colors_info=\u00a0\u00bb{}\u00a0\u00bb][\/et_pb_image][\/et_pb_column][\/et_pb_row][et_pb_row _builder_version=\u00a0\u00bb4.25.0&Prime; _module_preset=\u00a0\u00bbdefault\u00a0\u00bb global_colors_info=\u00a0\u00bb{}\u00a0\u00bb][et_pb_column type=\u00a0\u00bb4_4&Prime; _builder_version=\u00a0\u00bb4.25.0&Prime; _module_preset=\u00a0\u00bbdefault\u00a0\u00bb global_colors_info=\u00a0\u00bb{}\u00a0\u00bb][et_pb_social_media_follow _builder_version=\u00a0\u00bb4.25.0&Prime; _module_preset=\u00a0\u00bbdefault\u00a0\u00bb text_orientation=\u00a0\u00bbcenter\u00a0\u00bb text_orientation_tablet=\u00a0\u00bbcenter\u00a0\u00bb text_orientation_phone=\u00a0\u00bbcenter\u00a0\u00bb text_orientation_last_edited=\u00a0\u00bbon|desktop\u00a0\u00bb global_colors_info=\u00a0\u00bb{}\u00a0\u00bb][et_pb_social_media_follow_network social_network=\u00a0\u00bbbehance\u00a0\u00bb url=\u00a0\u00bbhttps:\/\/www.behance.net\/lisaparent2&Prime; _builder_version=\u00a0\u00bb4.25.0&Prime; _module_preset=\u00a0\u00bbdefault\u00a0\u00bb background_color=\u00a0\u00bb#0057ff\u00a0\u00bb global_colors_info=\u00a0\u00bb{}\u00a0\u00bb follow_button=\u00a0\u00bboff\u00a0\u00bb url_new_window=\u00a0\u00bbon\u00a0\u00bb]behance[\/et_pb_social_media_follow_network][et_pb_social_media_follow_network social_network=\u00a0\u00bblinkedin\u00a0\u00bb url=\u00a0\u00bbhttps:\/\/www.linkedin.com\/in\/lisa-parent06\/\u00a0\u00bb _builder_version=\u00a0\u00bb4.25.0&Prime; _module_preset=\u00a0\u00bbdefault\u00a0\u00bb background_color=\u00a0\u00bb#007bb6&Prime; global_colors_info=\u00a0\u00bb{}\u00a0\u00bb follow_button=\u00a0\u00bboff\u00a0\u00bb url_new_window=\u00a0\u00bbon\u00a0\u00bb]linkedin[\/et_pb_social_media_follow_network][\/et_pb_social_media_follow][et_pb_text _builder_version=\u00a0\u00bb4.25.0&Prime; _module_preset=\u00a0\u00bbdefault\u00a0\u00bb text_text_color=\u00a0\u00bb#BBD4B7&Prime; text_orientation=\u00a0\u00bbcenter\u00a0\u00bb global_colors_info=\u00a0\u00bb{}\u00a0\u00bb]<\/p>\n<p><span>Copyright \u00a9 2024 LPW DESIGN<\/span><\/p>\n<p>[\/et_pb_text][et_pb_text _builder_version=\u00a0\u00bb4.25.0&Prime; _module_preset=\u00a0\u00bbdefault\u00a0\u00bb text_text_color=\u00a0\u00bb#BBD4B7&Prime; text_orientation=\u00a0\u00bbcenter\u00a0\u00bb global_colors_info=\u00a0\u00bb{}\u00a0\u00bb]<\/p>\n<p><span style=\"color: #ccffcc;\"><a href=\"\/en\/politique-de-confidentialite\/\" style=\"color: #ccffcc;\">Privacy Policy<\/a> &#8211; <a href=\"\/en\/mentions-legales\/\" style=\"color: #ccffcc;\">Legal Notice<\/a><\/span><\/p>\n<p>[\/et_pb_text][\/et_pb_column][\/et_pb_row][\/et_pb_section]<\/p>","protected":false},"excerpt":{"rendered":"<p>Mentions l\u00e9gales Identit\u00e9 Nom du site web : Lpw-designAdresse du site : https:\/\/www.lpw-design.com Propri\u00e9taire : Lisa ParentResponsable de publication : Lisa Parent &#8211; contact@lpw-design.com H\u00e9bergement : O2 Switch &#8211; Chem. des Pardiaux, 63000 Clermont-FerrandRevenir \u00e0 l&rsquo;accueil<div class=\"et_pb_module dsm_icon_list dsm_icon_list_0\">\n\t\t\t\t\n\t\t\t\t\n\t\t\t\t\n\t\t\t\t\n\t\t\t\t\n\t\t\t\t\n\t\t\t\t<div class=\"et_pb_module_inner\">\n\t\t\t\t\t<ul class=\"dsm_icon_list_items dsm_icon_list_ltr_direction dsm_icon_list_layout_vertical\"><li class=\"dsm_icon_list_child dsm_icon_list_child_0\">\n\t\t\t\t\n\t\t\t\t\n\t\t\t\t\n\t\t\t\t\n\t\t\t\t<span class=\"dsm_icon_list_wrapper\"><span class=\"dsm_icon_list_icon\">\ue076<\/span><\/span><span class=\"dsm_icon_list_text\">contact@lpw-design.com<\/span>\n\t\t\t<\/li><li class=\"dsm_icon_list_child dsm_icon_list_child_1\">\n\t\t\t\t\n\t\t\t\t\n\t\t\t\t\n\t\t\t\t\n\t\t\t\t<a href=\"https:\/\/wa.me\/613423930\"><span class=\"dsm_icon_list_wrapper\"><span class=\"dsm_icon_list_icon\">\uf232<\/span><\/span><span class=\"dsm_icon_list_text\">Write to me on WhatsApp<\/span><\/a>\n\t\t\t<\/li><li class=\"dsm_icon_list_child dsm_icon_list_child_2\">\n\t\t\t\t\n\t\t\t\t\n\t\t\t\t\n\t\t\t\t\n\t\t\t\t<span class=\"dsm_icon_list_wrapper\"><span class=\"dsm_icon_list_icon\">\uf3c5<\/span><\/span><span class=\"dsm_icon_list_text\">Nice, France <\/span>\n\t\t\t<\/li><li class=\"dsm_icon_list_child dsm_icon_list_child_3\">\n\t\t\t\t\n\t\t\t\t\n\t\t\t\t\n\t\t\t\t\n\t\t\t\t<span class=\"dsm_icon_list_wrapper\"><span class=\"dsm_icon_list_icon\">\uf59f<\/span><\/span><span class=\"dsm_icon_list_text\">Open to work globally<\/span>\n\t\t\t<\/li><\/ul>\n\t\t\t\t<\/div>\n\t\t\t<\/div>Copyright \u00a9 2024 LPW DESIGNPrivacy policy \u2013 Legal notices<\/p>","protected":false},"author":1,"featured_media":0,"parent":0,"menu_order":0,"comment_status":"closed","ping_status":"closed","template":"page-template-blank.php","meta":{"_et_pb_use_builder":"on","_et_pb_old_content":"","_et_gb_content_width":"","footnotes":""},"class_list":["post-468","page","type-page","status-publish","hentry"],"yoast_head":"<!-- This site is optimized with the Yoast SEO plugin v27.5 - https:\/\/yoast.com\/product\/yoast-seo-wordpress\/ -->\n<title>Mentions l\u00e9gales - LPW Design<\/title>\n<meta name=\"robots\" content=\"noindex, follow\" \/>\n<meta property=\"og:locale\" content=\"en_US\" \/>\n<meta property=\"og:type\" content=\"article\" \/>\n<meta property=\"og:title\" content=\"Mentions l\u00e9gales - LPW Design\" \/>\n<meta property=\"og:description\" content=\"Mentions l\u00e9gales Identit\u00e9 Nom du site web : Lpw-designAdresse du site : https:\/\/www.lpw-design.com Propri\u00e9taire : Lisa ParentResponsable de publication : Lisa Parent - contact@lpw-design.com H\u00e9bergement : O2 Switch - Chem. des Pardiaux, 63000 Clermont-FerrandRevenir \u00e0 l&#039;accueilCopyright \u00a9 2024 LPW DESIGNPolitique de confidentialit\u00e9 - Mentions l\u00e9gales\" \/>\n<meta property=\"og:url\" content=\"https:\/\/www.lpw-design.com\/en\/mentions-legales\/\" \/>\n<meta property=\"og:site_name\" content=\"LPW Design\" \/>\n<meta property=\"article:modified_time\" content=\"2025-01-14T15:23:24+00:00\" \/>\n<meta property=\"og:image\" content=\"https:\/\/www.lpw-design.com\/wp-content\/uploads\/2023\/05\/cropped-2.png\" \/>\n\t<meta property=\"og:image:width\" content=\"512\" \/>\n\t<meta property=\"og:image:height\" content=\"512\" \/>\n\t<meta property=\"og:image:type\" content=\"image\/png\" \/>\n<meta name=\"twitter:card\" content=\"summary_large_image\" \/>\n<meta name=\"twitter:label1\" content=\"Est. reading time\" \/>\n\t<meta name=\"twitter:data1\" content=\"1 minute\" \/>\n<script type=\"application\/ld+json\" class=\"yoast-schema-graph\">{\"@context\":\"https:\\\/\\\/schema.org\",\"@graph\":[{\"@type\":\"WebPage\",\"@id\":\"https:\\\/\\\/www.lpw-design.com\\\/mentions-legales\\\/\",\"url\":\"https:\\\/\\\/www.lpw-design.com\\\/mentions-legales\\\/\",\"name\":\"Mentions l\u00e9gales - LPW Design\",\"isPartOf\":{\"@id\":\"https:\\\/\\\/www.lpw-design.com\\\/#website\"},\"datePublished\":\"2023-06-28T15:42:14+00:00\",\"dateModified\":\"2025-01-14T15:23:24+00:00\",\"breadcrumb\":{\"@id\":\"https:\\\/\\\/www.lpw-design.com\\\/mentions-legales\\\/#breadcrumb\"},\"inLanguage\":\"en-US\",\"potentialAction\":[{\"@type\":\"ReadAction\",\"target\":[\"https:\\\/\\\/www.lpw-design.com\\\/mentions-legales\\\/\"]}]},{\"@type\":\"BreadcrumbList\",\"@id\":\"https:\\\/\\\/www.lpw-design.com\\\/mentions-legales\\\/#breadcrumb\",\"itemListElement\":[{\"@type\":\"ListItem\",\"position\":1,\"name\":\"Accueil\",\"item\":\"https:\\\/\\\/www.lpw-design.com\\\/\"},{\"@type\":\"ListItem\",\"position\":2,\"name\":\"Mentions l\u00e9gales\"}]},{\"@type\":\"WebSite\",\"@id\":\"https:\\\/\\\/www.lpw-design.com\\\/#website\",\"url\":\"https:\\\/\\\/www.lpw-design.com\\\/\",\"name\":\"LPW Design\",\"description\":\"Cr\u00e9ation de ton site internet, \u00e0 ton image\",\"publisher\":{\"@id\":\"https:\\\/\\\/www.lpw-design.com\\\/#\\\/schema\\\/person\\\/8d73ead4e7c0ad2b00332a0ba57d775b\"},\"potentialAction\":[{\"@type\":\"SearchAction\",\"target\":{\"@type\":\"EntryPoint\",\"urlTemplate\":\"https:\\\/\\\/www.lpw-design.com\\\/?s={search_term_string}\"},\"query-input\":{\"@type\":\"PropertyValueSpecification\",\"valueRequired\":true,\"valueName\":\"search_term_string\"}}],\"inLanguage\":\"en-US\"},{\"@type\":[\"Person\",\"Organization\"],\"@id\":\"https:\\\/\\\/www.lpw-design.com\\\/#\\\/schema\\\/person\\\/8d73ead4e7c0ad2b00332a0ba57d775b\",\"name\":\"Lisa\",\"image\":{\"@type\":\"ImageObject\",\"inLanguage\":\"en-US\",\"@id\":\"https:\\\/\\\/www.lpw-design.com\\\/wp-content\\\/uploads\\\/2023\\\/05\\\/cropped-2.png\",\"url\":\"https:\\\/\\\/www.lpw-design.com\\\/wp-content\\\/uploads\\\/2023\\\/05\\\/cropped-2.png\",\"contentUrl\":\"https:\\\/\\\/www.lpw-design.com\\\/wp-content\\\/uploads\\\/2023\\\/05\\\/cropped-2.png\",\"width\":512,\"height\":512,\"caption\":\"Lisa\"},\"logo\":{\"@id\":\"https:\\\/\\\/www.lpw-design.com\\\/wp-content\\\/uploads\\\/2023\\\/05\\\/cropped-2.png\"},\"description\":\"Lisa Parent Cr\u00e9atrice de site web Vous accompagne dans votre r\u00e9f\u00e9rencement Google et dans la strat\u00e9gie digitale de votre entreprise\",\"sameAs\":[\"https:\\\/\\\/www.lpw-design.com\",\"https:\\\/\\\/www.linkedin.com\\\/in\\\/lisa-parent06\\\/\"]}]}<\/script>\n<!-- \/ Yoast SEO plugin. -->","yoast_head_json":{"title":"Mentions l\u00e9gales - LPW Design","robots":{"index":"noindex","follow":"follow"},"og_locale":"en_US","og_type":"article","og_title":"Mentions l\u00e9gales - LPW Design","og_description":"Mentions l\u00e9gales Identit\u00e9 Nom du site web : Lpw-designAdresse du site : https:\/\/www.lpw-design.com Propri\u00e9taire : Lisa ParentResponsable de publication : Lisa Parent - contact@lpw-design.com H\u00e9bergement : O2 Switch - Chem. des Pardiaux, 63000 Clermont-FerrandRevenir \u00e0 l'accueilCopyright \u00a9 2024 LPW DESIGNPolitique de confidentialit\u00e9 - Mentions l\u00e9gales","og_url":"https:\/\/www.lpw-design.com\/en\/mentions-legales\/","og_site_name":"LPW Design","article_modified_time":"2025-01-14T15:23:24+00:00","og_image":[{"width":512,"height":512,"url":"https:\/\/www.lpw-design.com\/wp-content\/uploads\/2023\/05\/cropped-2.png","type":"image\/png"}],"twitter_card":"summary_large_image","twitter_misc":{"Est. reading time":"1 minute"},"schema":{"@context":"https:\/\/schema.org","@graph":[{"@type":"WebPage","@id":"https:\/\/www.lpw-design.com\/mentions-legales\/","url":"https:\/\/www.lpw-design.com\/mentions-legales\/","name":"Mentions l\u00e9gales - LPW Design","isPartOf":{"@id":"https:\/\/www.lpw-design.com\/#website"},"datePublished":"2023-06-28T15:42:14+00:00","dateModified":"2025-01-14T15:23:24+00:00","breadcrumb":{"@id":"https:\/\/www.lpw-design.com\/mentions-legales\/#breadcrumb"},"inLanguage":"en-US","potentialAction":[{"@type":"ReadAction","target":["https:\/\/www.lpw-design.com\/mentions-legales\/"]}]},{"@type":"BreadcrumbList","@id":"https:\/\/www.lpw-design.com\/mentions-legales\/#breadcrumb","itemListElement":[{"@type":"ListItem","position":1,"name":"Accueil","item":"https:\/\/www.lpw-design.com\/"},{"@type":"ListItem","position":2,"name":"Mentions l\u00e9gales"}]},{"@type":"WebSite","@id":"https:\/\/www.lpw-design.com\/#website","url":"https:\/\/www.lpw-design.com\/","name":"LPW Design","description":"Creation of your website, in your image","publisher":{"@id":"https:\/\/www.lpw-design.com\/#\/schema\/person\/8d73ead4e7c0ad2b00332a0ba57d775b"},"potentialAction":[{"@type":"SearchAction","target":{"@type":"EntryPoint","urlTemplate":"https:\/\/www.lpw-design.com\/?s={search_term_string}"},"query-input":{"@type":"PropertyValueSpecification","valueRequired":true,"valueName":"search_term_string"}}],"inLanguage":"en-US"},{"@type":["Person","Organization"],"@id":"https:\/\/www.lpw-design.com\/#\/schema\/person\/8d73ead4e7c0ad2b00332a0ba57d775b","name":"Lisa","image":{"@type":"ImageObject","inLanguage":"en-US","@id":"https:\/\/www.lpw-design.com\/wp-content\/uploads\/2023\/05\/cropped-2.png","url":"https:\/\/www.lpw-design.com\/wp-content\/uploads\/2023\/05\/cropped-2.png","contentUrl":"https:\/\/www.lpw-design.com\/wp-content\/uploads\/2023\/05\/cropped-2.png","width":512,"height":512,"caption":"Lisa"},"logo":{"@id":"https:\/\/www.lpw-design.com\/wp-content\/uploads\/2023\/05\/cropped-2.png"},"description":"Lisa Parent Cr\u00e9atrice de site web Vous accompagne dans votre r\u00e9f\u00e9rencement Google et dans la strat\u00e9gie digitale de votre entreprise","sameAs":["https:\/\/www.lpw-design.com","https:\/\/www.linkedin.com\/in\/lisa-parent06\/"]}]}},"_links":{"self":[{"href":"https:\/\/www.lpw-design.com\/en\/wp-json\/wp\/v2\/pages\/468","targetHints":{"allow":["GET"]}}],"collection":[{"href":"https:\/\/www.lpw-design.com\/en\/wp-json\/wp\/v2\/pages"}],"about":[{"href":"https:\/\/www.lpw-design.com\/en\/wp-json\/wp\/v2\/types\/page"}],"author":[{"embeddable":true,"href":"https:\/\/www.lpw-design.com\/en\/wp-json\/wp\/v2\/users\/1"}],"replies":[{"embeddable":true,"href":"https:\/\/www.lpw-design.com\/en\/wp-json\/wp\/v2\/comments?post=468"}],"version-history":[{"count":6,"href":"https:\/\/www.lpw-design.com\/en\/wp-json\/wp\/v2\/pages\/468\/revisions"}],"predecessor-version":[{"id":16209,"href":"https:\/\/www.lpw-design.com\/en\/wp-json\/wp\/v2\/pages\/468\/revisions\/16209"}],"wp:attachment":[{"href":"https:\/\/www.lpw-design.com\/en\/wp-json\/wp\/v2\/media?parent=468"}],"curies":[{"name":"wp","href":"https:\/\/api.w.org\/{rel}","templated":true}]}}